{"id":1111,"date":"2022-03-17T14:08:37","date_gmt":"2022-03-17T14:08:37","guid":{"rendered":"https:\/\/astoria-spa.cz\/angebote\/dovolena-2022\/"},"modified":"2025-01-07T18:25:23","modified_gmt":"2025-01-07T18:25:23","slug":"dovolena-2022","status":"publish","type":"page","link":"https:\/\/astoria-spa.cz\/de\/angebote\/dovolena-2022\/","title":{"rendered":"Wellness Urlaub in Karlsbad f\u00fcr 3 N\u00e4chte f\u00fcr 2 Personen"},"content":{"rendered":"<p><strong>Relaxation + Erkundung Karlsbads f\u00fcr zwei<\/strong><\/p>\n<p>Ein Aufenthalt\u00a0 wird als attraktiver Urlaub in der Tschechischen Republik und gleichzeitig als Entspannung und Erholung definiert. Lernen Sie Karlovy Vary und die Region aus einer anderen Perspektive kennen. Ohne medizinische und ausl\u00e4ndische G\u00e4ste, mit einem erstaunlichen Angebot an Aktivit\u00e4ten und Attraktionen in der Stadt, der Umgebung, der Region und einem Behandlungsangebot.<\/p>\n","protected":false},"excerpt":{"rendered":"<p>Relaxation + Erkundung Karlsbads f\u00fcr zwei Ein Aufenthalt\u00a0 wird als attraktiver Urlaub in der Tschechischen Republik und gleichzeitig als Entspannung und Erholung definiert. Lernen Sie Karlovy Vary und die Region aus einer anderen Perspektive kennen. Ohne medizinische und ausl\u00e4ndische G\u00e4ste, mit einem erstaunlichen Angebot an Aktivit\u00e4ten und Attraktionen in der Stadt, der Umgebung, der Region [&hellip;]<\/p>\n","protected":false},"author":4,"featured_media":0,"parent":700,"menu_order":60,"comment_status":"closed","ping_status":"closed","template":"template-default-3.php","meta":{"footnotes":""},"categories":[28],"class_list":["post-1111","page","type-page","status-publish","hentry","category-wellness-de"],"yoast_head":"<!-- This site is optimized with the Yoast SEO plugin v26.9 - https:\/\/yoast.com\/product\/yoast-seo-wordpress\/ -->\n<title>Wellness Urlaub in Karlsbad f\u00fcr 3 N\u00e4chte f\u00fcr 2 Personen - Astoria Hotel &amp; Medical Spa -<\/title>\n<meta name=\"description\" content=\"Relaxation + Erkundung Karlsbads f\u00fcr zwei  Ein Aufenthalt\u00a0 wird als attraktiver Urlaub in der Tschechischen Republik und gleichzeitig als Entspannung und Erholung definiert. Lernen Sie Karlovy Vary und die Region aus einer anderen Perspektive kennen\" \/>\n<meta name=\"robots\" content=\"index, follow, max-snippet:-1, max-image-preview:large, max-video-preview:-1\" \/>\n<link rel=\"canonical\" href=\"https:\/\/astoria-spa.cz\/de\/angebote\/dovolena-2022\/\" \/>\n<meta property=\"og:locale\" content=\"de_DE\" \/>\n<meta property=\"og:type\" content=\"article\" \/>\n<meta property=\"og:title\" content=\"Wellness Urlaub in Karlsbad f\u00fcr 3 N\u00e4chte f\u00fcr 2 Personen - Astoria Hotel &amp; Medical Spa -\" \/>\n<meta property=\"og:description\" content=\"Relaxation + Erkundung Karlsbads f\u00fcr zwei  Ein Aufenthalt\u00a0 wird als attraktiver Urlaub in der Tschechischen Republik und gleichzeitig als Entspannung und Erholung definiert. Lernen Sie Karlovy Vary und die Region aus einer anderen Perspektive kennen\" \/>\n<meta property=\"og:url\" content=\"https:\/\/astoria-spa.cz\/de\/angebote\/dovolena-2022\/\" \/>\n<meta property=\"og:site_name\" content=\"Astoria Hotel &amp; Medical Spa\" \/>\n<meta property=\"article:modified_time\" content=\"2025-01-07T18:25:23+00:00\" \/>\n<meta name=\"twitter:card\" content=\"summary_large_image\" \/>\n<meta name=\"twitter:label1\" content=\"Gesch\u00e4tzte Lesezeit\" \/>\n\t<meta name=\"twitter:data1\" content=\"1 Minute\" \/>\n<script type=\"application\/ld+json\" class=\"yoast-schema-graph\">{\"@context\":\"https:\/\/schema.org\",\"@graph\":[{\"@type\":\"WebPage\",\"@id\":\"https:\/\/astoria-spa.cz\/de\/angebote\/dovolena-2022\/\",\"url\":\"https:\/\/astoria-spa.cz\/de\/angebote\/dovolena-2022\/\",\"name\":\"Wellness Urlaub in Karlsbad f\u00fcr 3 N\u00e4chte f\u00fcr 2 Personen - Astoria Hotel & Medical Spa -\",\"isPartOf\":{\"@id\":\"https:\/\/astoria-spa.cz\/de\/#website\"},\"datePublished\":\"2022-03-17T14:08:37+00:00\",\"dateModified\":\"2025-01-07T18:25:23+00:00\",\"description\":\"Relaxation + Erkundung Karlsbads f\u00fcr zwei Ein Aufenthalt\u00a0 wird als attraktiver Urlaub in der Tschechischen Republik und gleichzeitig als Entspannung und Erholung definiert. Lernen Sie Karlovy Vary und die Region aus einer anderen Perspektive kennen\",\"breadcrumb\":{\"@id\":\"https:\/\/astoria-spa.cz\/de\/angebote\/dovolena-2022\/#breadcrumb\"},\"inLanguage\":\"de-DE\",\"potentialAction\":[{\"@type\":\"ReadAction\",\"target\":[\"https:\/\/astoria-spa.cz\/de\/angebote\/dovolena-2022\/\"]}]},{\"@type\":\"BreadcrumbList\",\"@id\":\"https:\/\/astoria-spa.cz\/de\/angebote\/dovolena-2022\/#breadcrumb\",\"itemListElement\":[{\"@type\":\"ListItem\",\"position\":1,\"name\":\"Home\",\"item\":\"https:\/\/astoria-spa.cz\/de\/\"},{\"@type\":\"ListItem\",\"position\":2,\"name\":\"Angebote, Pakete\",\"item\":\"https:\/\/astoria-spa.cz\/de\/angebote\/\"},{\"@type\":\"ListItem\",\"position\":3,\"name\":\"Wellness Urlaub in Karlsbad f\u00fcr 3 N\u00e4chte f\u00fcr 2 Personen\"}]},{\"@type\":\"WebSite\",\"@id\":\"https:\/\/astoria-spa.cz\/de\/#website\",\"url\":\"https:\/\/astoria-spa.cz\/de\/\",\"name\":\"Astoria Hotel & Medical Spa\",\"description\":\"Just another ms.decms.eu site\",\"potentialAction\":[{\"@type\":\"SearchAction\",\"target\":{\"@type\":\"EntryPoint\",\"urlTemplate\":\"https:\/\/astoria-spa.cz\/de\/?s={search_term_string}\"},\"query-input\":{\"@type\":\"PropertyValueSpecification\",\"valueRequired\":true,\"valueName\":\"search_term_string\"}}],\"inLanguage\":\"de-DE\"}]}<\/script>\n<!-- \/ Yoast SEO plugin. -->","yoast_head_json":{"title":"Wellness Urlaub in Karlsbad f\u00fcr 3 N\u00e4chte f\u00fcr 2 Personen - Astoria Hotel & Medical Spa -","description":"Relaxation + Erkundung Karlsbads f\u00fcr zwei  Ein Aufenthalt\u00a0 wird als attraktiver Urlaub in der Tschechischen Republik und gleichzeitig als Entspannung und Erholung definiert. Lernen Sie Karlovy Vary und die Region aus einer anderen Perspektive kennen","robots":{"index":"index","follow":"follow","max-snippet":"max-snippet:-1","max-image-preview":"max-image-preview:large","max-video-preview":"max-video-preview:-1"},"canonical":"https:\/\/astoria-spa.cz\/de\/angebote\/dovolena-2022\/","og_locale":"de_DE","og_type":"article","og_title":"Wellness Urlaub in Karlsbad f\u00fcr 3 N\u00e4chte f\u00fcr 2 Personen - Astoria Hotel & Medical Spa -","og_description":"Relaxation + Erkundung Karlsbads f\u00fcr zwei  Ein Aufenthalt\u00a0 wird als attraktiver Urlaub in der Tschechischen Republik und gleichzeitig als Entspannung und Erholung definiert. Lernen Sie Karlovy Vary und die Region aus einer anderen Perspektive kennen","og_url":"https:\/\/astoria-spa.cz\/de\/angebote\/dovolena-2022\/","og_site_name":"Astoria Hotel & Medical Spa","article_modified_time":"2025-01-07T18:25:23+00:00","twitter_card":"summary_large_image","twitter_misc":{"Gesch\u00e4tzte Lesezeit":"1 Minute"},"schema":{"@context":"https:\/\/schema.org","@graph":[{"@type":"WebPage","@id":"https:\/\/astoria-spa.cz\/de\/angebote\/dovolena-2022\/","url":"https:\/\/astoria-spa.cz\/de\/angebote\/dovolena-2022\/","name":"Wellness Urlaub in Karlsbad f\u00fcr 3 N\u00e4chte f\u00fcr 2 Personen - Astoria Hotel & Medical Spa -","isPartOf":{"@id":"https:\/\/astoria-spa.cz\/de\/#website"},"datePublished":"2022-03-17T14:08:37+00:00","dateModified":"2025-01-07T18:25:23+00:00","description":"Relaxation + Erkundung Karlsbads f\u00fcr zwei Ein Aufenthalt\u00a0 wird als attraktiver Urlaub in der Tschechischen Republik und gleichzeitig als Entspannung und Erholung definiert. Lernen Sie Karlovy Vary und die Region aus einer anderen Perspektive kennen","breadcrumb":{"@id":"https:\/\/astoria-spa.cz\/de\/angebote\/dovolena-2022\/#breadcrumb"},"inLanguage":"de-DE","potentialAction":[{"@type":"ReadAction","target":["https:\/\/astoria-spa.cz\/de\/angebote\/dovolena-2022\/"]}]},{"@type":"BreadcrumbList","@id":"https:\/\/astoria-spa.cz\/de\/angebote\/dovolena-2022\/#breadcrumb","itemListElement":[{"@type":"ListItem","position":1,"name":"Home","item":"https:\/\/astoria-spa.cz\/de\/"},{"@type":"ListItem","position":2,"name":"Angebote, Pakete","item":"https:\/\/astoria-spa.cz\/de\/angebote\/"},{"@type":"ListItem","position":3,"name":"Wellness Urlaub in Karlsbad f\u00fcr 3 N\u00e4chte f\u00fcr 2 Personen"}]},{"@type":"WebSite","@id":"https:\/\/astoria-spa.cz\/de\/#website","url":"https:\/\/astoria-spa.cz\/de\/","name":"Astoria Hotel & Medical Spa","description":"Just another ms.decms.eu site","potentialAction":[{"@type":"SearchAction","target":{"@type":"EntryPoint","urlTemplate":"https:\/\/astoria-spa.cz\/de\/?s={search_term_string}"},"query-input":{"@type":"PropertyValueSpecification","valueRequired":true,"valueName":"search_term_string"}}],"inLanguage":"de-DE"}]}},"acf":[],"_links":{"self":[{"href":"https:\/\/astoria-spa.cz\/de\/wp-json\/wp\/v2\/pages\/1111","targetHints":{"allow":["GET"]}}],"collection":[{"href":"https:\/\/astoria-spa.cz\/de\/wp-json\/wp\/v2\/pages"}],"about":[{"href":"https:\/\/astoria-spa.cz\/de\/wp-json\/wp\/v2\/types\/page"}],"author":[{"embeddable":true,"href":"https:\/\/astoria-spa.cz\/de\/wp-json\/wp\/v2\/users\/4"}],"replies":[{"embeddable":true,"href":"https:\/\/astoria-spa.cz\/de\/wp-json\/wp\/v2\/comments?post=1111"}],"version-history":[{"count":0,"href":"https:\/\/astoria-spa.cz\/de\/wp-json\/wp\/v2\/pages\/1111\/revisions"}],"up":[{"embeddable":true,"href":"https:\/\/astoria-spa.cz\/de\/wp-json\/wp\/v2\/pages\/700"}],"wp:attachment":[{"href":"https:\/\/astoria-spa.cz\/de\/wp-json\/wp\/v2\/media?parent=1111"}],"wp:term":[{"taxonomy":"category","embeddable":true,"href":"https:\/\/astoria-spa.cz\/de\/wp-json\/wp\/v2\/categories?post=1111"}],"curies":[{"name":"wp","href":"https:\/\/api.w.org\/{rel}","templated":true}]}}